{"id":142,"date":"2026-02-27T07:27:26","date_gmt":"2026-02-27T10:27:26","guid":{"rendered":"https:\/\/pessoft.com.py\/demo\/nandejaranee\/?page_id=142"},"modified":"2026-03-17T12:51:33","modified_gmt":"2026-03-17T15:51:33","slug":"liturgia-de-la-palabra","status":"publish","type":"page","link":"https:\/\/pessoft.com.py\/demo\/nandejaranee\/liturgia-de-la-palabra\/","title":{"rendered":"Liturgia de la palabra"},"content":{"rendered":"<div>\n<h4><strong>Primera Lectura<\/strong><br \/>Lectura de la profec\u00eda de Ezequiel (47,1-9.12):<\/h4>\n<p>En aquellos d\u00edas, el \u00e1ngel me hizo volver a la entrada del templo del Se\u00f1or.<br \/>De debajo del umbral del templo corr\u00eda agua hacia el este \u2014el templo miraba al este\u2014. El agua bajaba por el lado derecho del templo, al sur del altar.<br \/>Me hizo salir por el p\u00f3rtico septentrional y me llev\u00f3 por fuera hasta el p\u00f3rtico exterior que mira al este. El agua corr\u00eda por el lado derecho.<br \/>El hombre que llevaba el cordel en la mano sali\u00f3 hacia el este, midi\u00f3 quinientos metros y me hizo atravesar el agua, que me llegaba hasta los tobillos. Midi\u00f3 otros quinientos metros y me hizo atravesar el agua, que me llegaba hasta las rodillas. Midi\u00f3 todav\u00eda otros quinientos metros y me hizo atravesar el agua, que me llegaba hasta la cintura. Midi\u00f3 otros quinientos metros: era ya un torrente que no se pod\u00eda vadear, sino cruzar a nado.<br \/>Entonces me dijo:<br \/>\u00ab\u00bfHas visto, hijo de hombre?\u00bb,<br \/>Despu\u00e9s me condujo por la ribera del torrente.<br \/>Al volver vi en ambas riberas del torrente una gran arboleda. Me dijo:<br \/>\u00abEstas aguas fluyen hacia la zona oriental, descienden hacia la estepa y desembocan en el mar de la Sal, Cuando hayan entrado en \u00e9l, sus aguas ser\u00e1n saneadas. Todo ser viviente que se agita, all\u00ed donde desemboque la corriente, tendr\u00e1 vida; y habr\u00e1 peces en abundancia. Porque apenas estas aguas hayan llegado hasta all\u00ed, habr\u00e1n saneado el mar y habr\u00e1 vida all\u00ed donde llegue el torrente.<br \/>En ambas riberas del torrente crecer\u00e1 toda clase de \u00e1rboles frutales; no se marchitar\u00e1n sus hojas ni se acabar\u00e1n sus frutos; dar\u00e1n nuevos frutos cada mes, porque las aguas del torrente fluyen del santuario; su fruto ser\u00e1 comestible y sus hojas medicinales\u00bb.<\/p>\n<p>Palabra de Dios<\/p>\n<h4><strong>Salmo 45,2-3.5-6.8-9<\/strong><\/h4>\n<p>R\/. El Se\u00f1or de los ej\u00e9rcitos est\u00e1 con nosotros, nuestro alc\u00e1zar es el Dios de Jacob.<\/p>\n<p>V\/. Dios es nuestro refugio y nuestra fuerza, poderoso defensor en el peligro.<\/p>\n<p>Por eso no tememos aunque tiemble la tierra, y los montes se desplomen en el mar.<\/p>\n<p>R\/.<\/p>\n<p>V\/. Un r\u00edo y sus canales alegran la ciudad de Dios, el Alt\u00edsimo consagra su morada.<\/p>\n<p>Teniendo a Dios en medio, no vacila; Dios la socorre al despuntar la aurora.<\/p>\n<p>R\/.<\/p>\n<p>V\/. El Se\u00f1or del universo est\u00e1 con nosotros, nuestro alc\u00e1zar es el Dios de Jacob.<\/p>\n<p>Venid a ver las obras del Se\u00f1or, las maravillas que hace en la tierra.<\/p>\n<p>R\/.<\/p>\n<h4>Evangelio<\/h4>\n<p><strong>Lectura del santo evangelio seg\u00fan san Juan (5,1-16):<\/strong><\/p>\n<p>SE celebraba una fiesta de los jud\u00edos, y Jes\u00fas subi\u00f3 a Jerusal\u00e9n.<br \/>Hay en Jerusal\u00e9n, junto a la Puerta de las Ovejas, una piscina que llaman en hebreo Betesda. Esta tiene cinco soportales, y all\u00ed estaban echados muchos enfermos, ciegos, cojos, paral\u00edticos.<br \/>Estaba tambi\u00e9n all\u00ed un hombre que llevaba treinta y ocho a\u00f1os enfermo.<br \/>Jes\u00fas, al verlo echado, y sabiendo que ya llevaba mucho tiempo, le dice:<br \/>\u00ab\u00bfQuieres quedar sano?\u00bb.<br \/>El enfermo le contest\u00f3:<br \/>\u00abSe\u00f1or, no tengo a nadie que me meta en la piscina cuando se remueve el agua; para cuando llego yo, otro se me ha adelantado\u00bb.<br \/>Jes\u00fas le dice:<br \/>\u00abLev\u00e1ntate, toma tu camilla y echa a andar\u00bb.<br \/>Y al momento el hombre qued\u00f3 sano, tom\u00f3 su camilla y ech\u00f3 a andar.<br \/>Aquel d\u00eda era s\u00e1bado, y los jud\u00edos dijeron al hombre que hab\u00eda quedado sano:<br \/>\u00abHoy es s\u00e1bado, y no se puede llevar la camilla\u00bb.<br \/>\u00c9l les contest\u00f3:<br \/>\u00abEl que me ha curado es quien me ha dicho: \u201cToma tu camilla y echa a andar\u201d\u00bb.<br \/>Ellos le preguntaron:<br \/>\u00ab\u00bfQui\u00e9n es el que te ha dicho que tomes la camilla y eches a andar?\u00bb.<br \/>Pero el que hab\u00eda quedado sano no sab\u00eda qui\u00e9n era, porque Jes\u00fas, a causa del gent\u00edo que hab\u00eda en aquel sitio, se hab\u00eda alejado.<br \/>M\u00e1s tarde lo encuentra Jes\u00fas en el templo y le dice:<br \/>\u00abMira, has quedado sano; no peques m\u00e1s, no sea que te ocurra algo peor\u00bb.<br \/>Se march\u00f3 aquel hombre y dijo a los jud\u00edos que era Jes\u00fas quien lo hab\u00eda sanado.<br \/>Por esto los jud\u00edos persegu\u00edan a Jes\u00fas, porque hac\u00eda tales cosas en s\u00e1bado.<\/p>\n<p>Palabra del Se\u00f1or<\/p>\n<p>REFLEXION<br \/>Destrucci\u00f3n por agua y vida por agua no son cosas incompatibles. Al fin y al cabo, la vida nueva que celebramos es la gracia bautismal, y bautismo significa sepultura\u2026 El agua que sepulta lo antiguo, al \u201chombre viejo\u201d, y el agua en que somos sepultados con Cristo para resucitar con \u00e9l. En una m\u00e1s peque\u00f1a, pero simb\u00f3lica medida, est\u00e1 el agua de la piscina que cura la par\u00e1lisis del pobre hombre sentado al borde y sin poder entrar en las aguas liberadoras, \u201cporque nadie las mueve\u2026\u201d Quiz\u00e1 nosotros tambi\u00e9n estemos a veces, ni siquiera esperando, pero incapaces de movernos de la par\u00e1lisis que puede ser el miedo, el resentimiento, el orgullo, el ego\u00edsmo o la pereza, o cualquier otro de los pecados capitales, porque nadie \u201cnos mueve\u201d\u2026 Otros muchos puede que est\u00e9n sentados con la misma par\u00e1lisis porque no hay quien les mueva el agua. Es decir, porque no hay para ellos quien cumpla su tarea evangelizadora. Quiz\u00e1 no debamos esperar a que alguien nos mueva el agua; quiz\u00e1 no debamos esperar a que otros muevan el agua de los paralizados\u2026 El paral\u00edtico se levant\u00f3, pero fue proclamando qui\u00e9n hab\u00eda hecho eso por \u00e9l. Tenemos que reconocer, una vez m\u00e1s, nuestra sepultura en Cristo y la nueva vida que nos impulsa a la misi\u00f3n evangelizadora y emprender nuestra obligada tarea bautismal de enterrar y dar vida, de ir a todos los rincones de la tierra. La obligaci\u00f3n de evangelizar es ahora. Sin espera.<\/p>\n<h4>ORACI\u00d3N<br \/>Lev\u00e1ntate, toma tu camilla y echa a andar\u00bb.<\/h4>\n<\/div>\n<div>\n<p>    <iframe loading=\"lazy\" src=\"https:\/\/www.youtube.com\/embed\/g-wnN_rCWdc\" width=\"1920\" height=\"1080\" frameborder=\"0\" uk-responsive><\/iframe>\n<\/div>\n<p><!--more--><br \/>\n<!-- {\"type\":\"layout\",\"children\":[{\"type\":\"section\",\"props\":{\"header_transparent\":true,\"image_position\":\"center-center\",\"padding\":\"large\",\"style\":\"primary\",\"title_breakpoint\":\"xl\",\"title_position\":\"top-left\",\"title_rotation\":\"left\",\"vertical_align\":\"middle\",\"width\":\"default\"},\"children\":[{\"type\":\"row\",\"children\":[{\"type\":\"column\",\"props\":{\"image_position\":\"center-center\",\"position_sticky_breakpoint\":\"m\"},\"children\":[{\"type\":\"headline\",\"props\":{\"css\":\".el-element {\\n  text-transform: uppercase\\n}\",\"text_align\":\"center\",\"title_element\":\"h3\",\"title_style\":\"h1\"},\"source\":{\"query\":{\"name\":\"pages.singlePage\"},\"props\":{\"content\":{\"filters\":{\"search\":\"\"},\"name\":\"title\"}}}}]}]},{\"type\":\"row\",\"children\":[{\"type\":\"column\",\"props\":{\"image_position\":\"center-center\",\"position_sticky_breakpoint\":\"m\"},\"children\":[{\"type\":\"text\",\"props\":{\"column_breakpoint\":\"m\",\"content\":\"\n\n<h4><strong>Primera Lectura<\\\/strong><br \\\/>Lectura de la profec\\u00eda de Ezequiel (47,1-9.12):<\\\/h4>\\n\n\n<p>En aquellos d\\u00edas, el \\u00e1ngel me hizo volver a la entrada del templo del Se\\u00f1or.<br \\\/>De debajo del umbral del templo corr\\u00eda agua hacia el este \\u2014el templo miraba al este\\u2014. El agua bajaba por el lado derecho del templo, al sur del altar.<br \\\/>Me hizo salir por el p\\u00f3rtico septentrional y me llev\\u00f3 por fuera hasta el p\\u00f3rtico exterior que mira al este. El agua corr\\u00eda por el lado derecho.<br \\\/>El hombre que llevaba el cordel en la mano sali\\u00f3 hacia el este, midi\\u00f3 quinientos metros y me hizo atravesar el agua, que me llegaba hasta los tobillos. Midi\\u00f3 otros quinientos metros y me hizo atravesar el agua, que me llegaba hasta las rodillas. Midi\\u00f3 todav\\u00eda otros quinientos metros y me hizo atravesar el agua, que me llegaba hasta la cintura. Midi\\u00f3 otros quinientos metros: era ya un torrente que no se pod\\u00eda vadear, sino cruzar a nado.<br \\\/>Entonces me dijo:<br \\\/>\\u00ab\\u00bfHas visto, hijo de hombre?\\u00bb,<br \\\/>Despu\\u00e9s me condujo por la ribera del torrente.<br \\\/>Al volver vi en ambas riberas del torrente una gran arboleda. Me dijo:<br \\\/>\\u00abEstas aguas fluyen hacia la zona oriental, descienden hacia la estepa y desembocan en el mar de la Sal, Cuando hayan entrado en \\u00e9l, sus aguas ser\\u00e1n saneadas. Todo ser viviente que se agita, all\\u00ed donde desemboque la corriente, tendr\\u00e1 vida; y habr\\u00e1 peces en abundancia. Porque apenas estas aguas hayan llegado hasta all\\u00ed, habr\\u00e1n saneado el mar y habr\\u00e1 vida all\\u00ed donde llegue el torrente.<br \\\/>En ambas riberas del torrente crecer\\u00e1 toda clase de \\u00e1rboles frutales; no se marchitar\\u00e1n sus hojas ni se acabar\\u00e1n sus frutos; dar\\u00e1n nuevos frutos cada mes, porque las aguas del torrente fluyen del santuario; su fruto ser\\u00e1 comestible y sus hojas medicinales\\u00bb.<\\\/p>\\n\n\n<p>Palabra de Dios<\\\/p>\\n\n\n<h4><strong>Salmo 45,2-3.5-6.8-9<\\\/strong><\\\/h4>\\n\n\n<p>R\\\/. El Se\\u00f1or de los ej\\u00e9rcitos est\\u00e1 con nosotros, nuestro alc\\u00e1zar es el Dios de Jacob.<\\\/p>\\n\n\n<p>V\\\/. Dios es nuestro refugio y nuestra fuerza, poderoso defensor en el peligro.<\\\/p>\\n\n\n<p>Por eso no tememos aunque tiemble la tierra, y los montes se desplomen en el mar.<\\\/p>\\n\n\n<p>R\\\/.<\\\/p>\\n\n\n<p>V\\\/. Un r\\u00edo y sus canales alegran la ciudad de Dios, el Alt\\u00edsimo consagra su morada.<\\\/p>\\n\n\n<p>Teniendo a Dios en medio, no vacila; Dios la socorre al despuntar la aurora.<\\\/p>\\n\n\n<p>R\\\/.<\\\/p>\\n\n\n<p>V\\\/. El Se\\u00f1or del universo est\\u00e1 con nosotros, nuestro alc\\u00e1zar es el Dios de Jacob.<\\\/p>\\n\n\n<p>Venid a ver las obras del Se\\u00f1or, las maravillas que hace en la tierra.<\\\/p>\\n\n\n<p>R\\\/.<\\\/p>\\n\n\n<h4>Evangelio<\\\/h4>\\n\n\n<p><strong>Lectura del santo evangelio seg\\u00fan san Juan (5,1-16):<\\\/strong><\\\/p>\\n\n\n<p>SE celebraba una fiesta de los jud\\u00edos, y Jes\\u00fas subi\\u00f3 a Jerusal\\u00e9n.<br \\\/>Hay en Jerusal\\u00e9n, junto a la Puerta de las Ovejas, una piscina que llaman en hebreo Betesda. Esta tiene cinco soportales, y all\\u00ed estaban echados muchos enfermos, ciegos, cojos, paral\\u00edticos.<br \\\/>Estaba tambi\\u00e9n all\\u00ed un hombre que llevaba treinta y ocho a\\u00f1os enfermo.<br \\\/>Jes\\u00fas, al verlo echado, y sabiendo que ya llevaba mucho tiempo, le dice:<br \\\/>\\u00ab\\u00bfQuieres quedar sano?\\u00bb.<br \\\/>El enfermo le contest\\u00f3:<br \\\/>\\u00abSe\\u00f1or, no tengo a nadie que me meta en la piscina cuando se remueve el agua; para cuando llego yo, otro se me ha adelantado\\u00bb.<br \\\/>Jes\\u00fas le dice:<br \\\/>\\u00abLev\\u00e1ntate, toma tu camilla y echa a andar\\u00bb.<br \\\/>Y al momento el hombre qued\\u00f3 sano, tom\\u00f3 su camilla y ech\\u00f3 a andar.<br \\\/>Aquel d\\u00eda era s\\u00e1bado, y los jud\\u00edos dijeron al hombre que hab\\u00eda quedado sano:<br \\\/>\\u00abHoy es s\\u00e1bado, y no se puede llevar la camilla\\u00bb.<br \\\/>\\u00c9l les contest\\u00f3:<br \\\/>\\u00abEl que me ha curado es quien me ha dicho: \\u201cToma tu camilla y echa a andar\\u201d\\u00bb.<br \\\/>Ellos le preguntaron:<br \\\/>\\u00ab\\u00bfQui\\u00e9n es el que te ha dicho que tomes la camilla y eches a andar?\\u00bb.<br \\\/>Pero el que hab\\u00eda quedado sano no sab\\u00eda qui\\u00e9n era, porque Jes\\u00fas, a causa del gent\\u00edo que hab\\u00eda en aquel sitio, se hab\\u00eda alejado.<br \\\/>M\\u00e1s tarde lo encuentra Jes\\u00fas en el templo y le dice:<br \\\/>\\u00abMira, has quedado sano; no peques m\\u00e1s, no sea que te ocurra algo peor\\u00bb.<br \\\/>Se march\\u00f3 aquel hombre y dijo a los jud\\u00edos que era Jes\\u00fas quien lo hab\\u00eda sanado.<br \\\/>Por esto los jud\\u00edos persegu\\u00edan a Jes\\u00fas, porque hac\\u00eda tales cosas en s\\u00e1bado.<\\\/p>\\n\n\n<p>Palabra del Se\\u00f1or<\\\/p>\\n\n\n<p>REFLEXION<br \\\/>Destrucci\\u00f3n por agua y vida por agua no son cosas incompatibles. Al fin y al cabo, la vida nueva que celebramos es la gracia bautismal, y bautismo significa sepultura\\u2026 El agua que sepulta lo antiguo, al \\u201chombre viejo\\u201d, y el agua en que somos sepultados con Cristo para resucitar con \\u00e9l. En una m\\u00e1s peque\\u00f1a, pero simb\\u00f3lica medida, est\\u00e1 el agua de la piscina que cura la par\\u00e1lisis del pobre hombre sentado al borde y sin poder entrar en las aguas liberadoras, \\u201cporque nadie las mueve\\u2026\\u201d Quiz\\u00e1 nosotros tambi\\u00e9n estemos a veces, ni siquiera esperando, pero incapaces de movernos de la par\\u00e1lisis que puede ser el miedo, el resentimiento, el orgullo, el ego\\u00edsmo o la pereza, o cualquier otro de los pecados capitales, porque nadie \\u201cnos mueve\\u201d\\u2026 Otros muchos puede que est\\u00e9n sentados con la misma par\\u00e1lisis porque no hay quien les mueva el agua. Es decir, porque no hay para ellos quien cumpla su tarea evangelizadora. Quiz\\u00e1 no debamos esperar a que alguien nos mueva el agua; quiz\\u00e1 no debamos esperar a que otros muevan el agua de los paralizados\\u2026 El paral\\u00edtico se levant\\u00f3, pero fue proclamando qui\\u00e9n hab\\u00eda hecho eso por \\u00e9l. Tenemos que reconocer, una vez m\\u00e1s, nuestra sepultura en Cristo y la nueva vida que nos impulsa a la misi\\u00f3n evangelizadora y emprender nuestra obligada tarea bautismal de enterrar y dar vida, de ir a todos los rincones de la tierra. La obligaci\\u00f3n de evangelizar es ahora. Sin espera.<\\\/p>\\n\n\n<h4>ORACI\\u00d3N<br \\\/>Lev\\u00e1ntate, toma tu camilla y echa a andar\\\".<\\\/h4>\",\"margin\":\"default\"}}]}]}]},{\"type\":\"section\",\"props\":{\"height\":\"page\",\"image_position\":\"center-center\",\"style\":\"default\",\"title_breakpoint\":\"xl\",\"title_position\":\"top-left\",\"title_rotation\":\"left\",\"vertical_align\":\"middle\",\"width\":\"default\"},\"children\":[{\"type\":\"row\",\"children\":[{\"type\":\"column\",\"props\":{\"image_position\":\"center-center\",\"position_sticky_breakpoint\":\"m\"},\"children\":[{\"type\":\"html\",\"props\":{\"content\":\"<iframe src=\\\"https:\\\/\\\/www.youtube.com\\\/embed\\\/g-wnN_rCWdc\\\" width=\\\"1920\\\" height=\\\"1080\\\" frameborder=\\\"0\\\" uk-responsive><\\\/iframe>\"}}]}]}]}],\"version\":\"4.3.5\"} --><\/p>\n","protected":false},"excerpt":{"rendered":"<p>Primera LecturaLectura de la profec\u00eda de Ezequiel (47,1-9.12): En aquellos d\u00edas, el \u00e1ngel me hizo volver a la entrada del templo del Se\u00f1or.De debajo del umbral del templo corr\u00eda agua hacia el este \u2014el templo miraba al este\u2014. El agua bajaba por el lado derecho del templo, al sur del altar.Me hizo salir por el [&hellip;]<\/p>\n","protected":false},"author":1,"featured_media":0,"parent":0,"menu_order":0,"comment_status":"closed","ping_status":"closed","template":"","meta":{"footnotes":""},"class_list":["post-142","page","type-page","status-publish","hentry"],"_links":{"self":[{"href":"https:\/\/pessoft.com.py\/demo\/nandejaranee\/wp-json\/wp\/v2\/pages\/142","targetHints":{"allow":["GET"]}}],"collection":[{"href":"https:\/\/pessoft.com.py\/demo\/nandejaranee\/wp-json\/wp\/v2\/pages"}],"about":[{"href":"https:\/\/pessoft.com.py\/demo\/nandejaranee\/wp-json\/wp\/v2\/types\/page"}],"author":[{"embeddable":true,"href":"https:\/\/pessoft.com.py\/demo\/nandejaranee\/wp-json\/wp\/v2\/users\/1"}],"replies":[{"embeddable":true,"href":"https:\/\/pessoft.com.py\/demo\/nandejaranee\/wp-json\/wp\/v2\/comments?post=142"}],"version-history":[{"count":8,"href":"https:\/\/pessoft.com.py\/demo\/nandejaranee\/wp-json\/wp\/v2\/pages\/142\/revisions"}],"predecessor-version":[{"id":283,"href":"https:\/\/pessoft.com.py\/demo\/nandejaranee\/wp-json\/wp\/v2\/pages\/142\/revisions\/283"}],"wp:attachment":[{"href":"https:\/\/pessoft.com.py\/demo\/nandejaranee\/wp-json\/wp\/v2\/media?parent=142"}],"curies":[{"name":"wp","href":"https:\/\/api.w.org\/{rel}","templated":true}]}}