{"id":148,"date":"2026-02-27T07:29:14","date_gmt":"2026-02-27T10:29:14","guid":{"rendered":"https:\/\/pessoft.com.py\/demo\/nandejaranee\/?page_id=148"},"modified":"2026-03-17T10:10:36","modified_gmt":"2026-03-17T13:10:36","slug":"aprendiendo-con-jesus","status":"publish","type":"page","link":"https:\/\/pessoft.com.py\/demo\/nandejaranee\/aprendiendo-con-jesus\/","title":{"rendered":"Aprendiendo con Jes\u00fas"},"content":{"rendered":"<div>\n<p><strong>Somos una Fundaci\u00f3n orientada a difundir la Palabra de Dios a todos los rincones del Paraguay, a trav\u00e9s de los medios de comunicaci\u00f3n. \u00a1S\u00edguenos en todas nuestras redes!<\/strong><\/p>\n<\/div>\n<p><!--more--><br \/>\n<!-- {\"type\":\"layout\",\"children\":[{\"type\":\"section\",\"props\":{\"header_transparent\":true,\"image_position\":\"center-center\",\"padding\":\"large\",\"style\":\"primary\",\"title_breakpoint\":\"xl\",\"title_position\":\"top-left\",\"title_rotation\":\"left\",\"vertical_align\":\"middle\",\"width\":\"default\"},\"children\":[{\"type\":\"row\",\"children\":[{\"type\":\"column\",\"props\":{\"image_position\":\"center-center\",\"position_sticky_breakpoint\":\"m\"},\"children\":[{\"type\":\"headline\",\"props\":{\"css\":\".el-element {\\n  text-transform: uppercase\\n}\",\"text_align\":\"center\",\"title_element\":\"h3\",\"title_style\":\"h1\"},\"source\":{\"query\":{\"name\":\"pages.singlePage\"},\"props\":{\"content\":{\"filters\":{\"search\":\"\"},\"name\":\"title\"}}}}]}]}]},{\"type\":\"section\",\"props\":{\"header_transparent\":true,\"image_position\":\"center-center\",\"padding\":\"large\",\"style\":\"primary\",\"title_breakpoint\":\"xl\",\"title_position\":\"top-left\",\"title_rotation\":\"left\",\"vertical_align\":\"middle\",\"width\":\"default\"},\"children\":[{\"type\":\"row\",\"children\":[{\"type\":\"column\",\"props\":{\"image_position\":\"center-center\",\"position_sticky_breakpoint\":\"m\"},\"children\":[{\"type\":\"text\",\"props\":{\"column_breakpoint\":\"m\",\"content\":\"\n\n<p><strong>Somos una Fundaci\\u00f3n orientada a difundir la Palabra de Dios a todos los rincones del Paraguay, a trav\\u00e9s de los medios de comunicaci\\u00f3n. \\u00a1S\\u00edguenos en todas nuestras redes!<\\\/strong><\\\/p>\",\"margin\":\"default\"}}]}]}]},{\"type\":\"section\",\"props\":{\"height\":\"page\",\"image_position\":\"center-center\",\"style\":\"default\",\"title_breakpoint\":\"xl\",\"title_position\":\"top-left\",\"title_rotation\":\"left\",\"vertical_align\":\"middle\",\"width\":\"default\"},\"children\":[{\"type\":\"row\",\"children\":[{\"type\":\"column\",\"props\":{\"image_position\":\"center-center\",\"position_sticky_breakpoint\":\"m\"}}]}]}],\"version\":\"4.3.5\"} --><\/p>\n","protected":false},"excerpt":{"rendered":"<p>Somos una Fundaci\u00f3n orientada a difundir la Palabra de Dios a todos los rincones del Paraguay, a trav\u00e9s de los medios de comunicaci\u00f3n. \u00a1S\u00edguenos en todas nuestras redes!<\/p>\n","protected":false},"author":1,"featured_media":0,"parent":0,"menu_order":0,"comment_status":"closed","ping_status":"closed","template":"","meta":{"footnotes":""},"class_list":["post-148","page","type-page","status-publish","hentry"],"_links":{"self":[{"href":"https:\/\/pessoft.com.py\/demo\/nandejaranee\/wp-json\/wp\/v2\/pages\/148","targetHints":{"allow":["GET"]}}],"collection":[{"href":"https:\/\/pessoft.com.py\/demo\/nandejaranee\/wp-json\/wp\/v2\/pages"}],"about":[{"href":"https:\/\/pessoft.com.py\/demo\/nandejaranee\/wp-json\/wp\/v2\/types\/page"}],"author":[{"embeddable":true,"href":"https:\/\/pessoft.com.py\/demo\/nandejaranee\/wp-json\/wp\/v2\/users\/1"}],"replies":[{"embeddable":true,"href":"https:\/\/pessoft.com.py\/demo\/nandejaranee\/wp-json\/wp\/v2\/comments?post=148"}],"version-history":[{"count":2,"href":"https:\/\/pessoft.com.py\/demo\/nandejaranee\/wp-json\/wp\/v2\/pages\/148\/revisions"}],"predecessor-version":[{"id":266,"href":"https:\/\/pessoft.com.py\/demo\/nandejaranee\/wp-json\/wp\/v2\/pages\/148\/revisions\/266"}],"wp:attachment":[{"href":"https:\/\/pessoft.com.py\/demo\/nandejaranee\/wp-json\/wp\/v2\/media?parent=148"}],"curies":[{"name":"wp","href":"https:\/\/api.w.org\/{rel}","templated":true}]}}