{"id":150,"date":"2026-02-27T07:29:41","date_gmt":"2026-02-27T10:29:41","guid":{"rendered":"https:\/\/pessoft.com.py\/demo\/nandejaranee\/?page_id=150"},"modified":"2026-03-17T09:57:33","modified_gmt":"2026-03-17T12:57:33","slug":"donaciones","status":"publish","type":"page","link":"https:\/\/pessoft.com.py\/demo\/nandejaranee\/donaciones\/","title":{"rendered":"Donaciones"},"content":{"rendered":"<div>\n<p>        <img decoding=\"async\" src=\"\/demo\/nandejaranee\/wp-content\/uploads\/2026\/03\/reflexion-170326.jpg\" alt=\"\"><\/p>\n<h3>\u00bfQUER\u00c9S SER PADRINO\/MADRINA DEL PRIMER CANAL DE TELEVISI\u00d3N CAT\u00d3LICO DEL PARAGUAY?<\/h3>\n<p>Queremos difundir la Palabra de Dios 24 hs.<\/p>\n<div>\n<h4>\u00bfC\u00d3MO COLABORAR?<\/h4>\n<ul class=\"uk-list\">\n<li><strong>Giros tigo:<\/strong> (+595) 981 505 036 \u2013 (+595) 983 505 061<\/li>\n<li>CUENTA DE AHORRO\u00a0<br \/><strong>Visi\u00f3n Banco:<\/strong> 14277089\u00a0Fundaci\u00f3n \u00d1andejara \u00d1e\u2019e \u2013 RUC 80105737-0<\/li>\n<\/ul>\n<\/div>\n<\/div>\n<p><!--more--><br \/>\n<!-- {\"type\":\"layout\",\"children\":[{\"type\":\"section\",\"props\":{\"header_transparent\":true,\"image_position\":\"center-center\",\"padding\":\"large\",\"style\":\"primary\",\"title_breakpoint\":\"xl\",\"title_position\":\"top-left\",\"title_rotation\":\"left\",\"vertical_align\":\"middle\",\"width\":\"default\"},\"children\":[{\"type\":\"row\",\"children\":[{\"type\":\"column\",\"props\":{\"image_position\":\"center-center\",\"position_sticky_breakpoint\":\"m\"},\"children\":[{\"type\":\"headline\",\"props\":{\"css\":\".el-element {\\n  text-transform: uppercase\\n}\",\"text_align\":\"center\",\"title_element\":\"h3\",\"title_style\":\"h1\"},\"source\":{\"query\":{\"name\":\"pages.singlePage\"},\"props\":{\"content\":{\"filters\":{\"search\":\"\"},\"name\":\"title\"}}}}]}]}]},{\"type\":\"section\",\"props\":{\"height\":\"page\",\"image_position\":\"center-center\",\"style\":\"default\",\"title_breakpoint\":\"xl\",\"title_position\":\"top-left\",\"title_rotation\":\"left\",\"vertical_align\":\"middle\",\"width\":\"default\"},\"children\":[{\"type\":\"row\",\"children\":[{\"type\":\"column\",\"props\":{\"image_position\":\"center-center\",\"position_sticky_breakpoint\":\"m\"},\"children\":[{\"type\":\"panel\",\"props\":{\"content\":\"\n\n<h4>\\u00bfC\\u00d3MO COLABORAR?<\\\/h4>\\n\n\n<ul class=\\\"uk-list\\\">\\n\n\n<li><strong>Giros tigo:<\\\/strong> (+595) 981 505 036 \\u2013 (+595) 983 505 061<\\\/li>\\n\n\n<li>CUENTA DE AHORRO\\u00a0<br \\\/><strong>Visi\\u00f3n Banco:<\\\/strong> 14277089\\u00a0Fundaci\\u00f3n \\u00d1andejara \\u00d1e\\u2019e \\u2013 RUC 80105737-0<\\\/li>\\n<\\\/ul>\",\"content_column_breakpoint\":\"m\",\"icon_width\":80,\"image\":\"wp-content\\\/uploads\\\/2026\\\/03\\\/reflexion-170326.jpg\",\"image_align\":\"left\",\"image_grid_breakpoint\":\"m\",\"image_grid_width\":\"1-2\",\"image_svg_color\":\"emphasis\",\"image_vertical_align\":true,\"link_style\":\"default\",\"link_text\":\"Read more\",\"margin\":\"default\",\"meta\":\"Queremos difundir la Palabra de Dios 24 hs.\",\"meta_align\":\"below-title\",\"meta_element\":\"div\",\"meta_style\":\"text-meta\",\"title\":\"\\u00bfQUER\\u00c9S SER PADRINO\\\/MADRINA DEL PRIMER CANAL DE TELEVISI\\u00d3N CAT\\u00d3LICO DEL PARAGUAY?\",\"title_align\":\"top\",\"title_element\":\"h3\",\"title_grid_breakpoint\":\"m\",\"title_grid_width\":\"1-2\",\"title_hover_style\":\"reset\",\"title_style\":\"h3\"}}]}]}]}],\"version\":\"4.3.5\"} --><\/p>\n","protected":false},"excerpt":{"rendered":"<p>\u00bfQUER\u00c9S SER PADRINO\/MADRINA DEL PRIMER CANAL DE TELEVISI\u00d3N CAT\u00d3LICO DEL PARAGUAY? Queremos difundir la Palabra de Dios 24 hs. \u00bfC\u00d3MO COLABORAR? Giros tigo: (+595) 981 505 036 \u2013 (+595) 983 505 061 CUENTA DE AHORRO\u00a0Visi\u00f3n Banco: 14277089\u00a0Fundaci\u00f3n \u00d1andejara \u00d1e\u2019e \u2013 RUC 80105737-0<\/p>\n","protected":false},"author":1,"featured_media":0,"parent":0,"menu_order":0,"comment_status":"closed","ping_status":"closed","template":"","meta":{"footnotes":""},"class_list":["post-150","page","type-page","status-publish","hentry"],"_links":{"self":[{"href":"https:\/\/pessoft.com.py\/demo\/nandejaranee\/wp-json\/wp\/v2\/pages\/150","targetHints":{"allow":["GET"]}}],"collection":[{"href":"https:\/\/pessoft.com.py\/demo\/nandejaranee\/wp-json\/wp\/v2\/pages"}],"about":[{"href":"https:\/\/pessoft.com.py\/demo\/nandejaranee\/wp-json\/wp\/v2\/types\/page"}],"author":[{"embeddable":true,"href":"https:\/\/pessoft.com.py\/demo\/nandejaranee\/wp-json\/wp\/v2\/users\/1"}],"replies":[{"embeddable":true,"href":"https:\/\/pessoft.com.py\/demo\/nandejaranee\/wp-json\/wp\/v2\/comments?post=150"}],"version-history":[{"count":7,"href":"https:\/\/pessoft.com.py\/demo\/nandejaranee\/wp-json\/wp\/v2\/pages\/150\/revisions"}],"predecessor-version":[{"id":258,"href":"https:\/\/pessoft.com.py\/demo\/nandejaranee\/wp-json\/wp\/v2\/pages\/150\/revisions\/258"}],"wp:attachment":[{"href":"https:\/\/pessoft.com.py\/demo\/nandejaranee\/wp-json\/wp\/v2\/media?parent=150"}],"curies":[{"name":"wp","href":"https:\/\/api.w.org\/{rel}","templated":true}]}}