{"id":9,"date":"2026-02-21T11:48:56","date_gmt":"2026-02-21T10:48:56","guid":{"rendered":"https:\/\/pessoft.com.py\/demo\/nandejaranee\/?page_id=9"},"modified":"2026-03-17T18:54:49","modified_gmt":"2026-03-17T21:54:49","slug":"inicio","status":"publish","type":"page","link":"https:\/\/pessoft.com.py\/demo\/nandejaranee\/","title":{"rendered":"Inicio"},"content":{"rendered":"<ul>\n<li>\n<p>        <img decoding=\"async\" src=\"\/demo\/nandejaranee\/wp-content\/uploads\/2026\/02\/sl-1.jpg\" alt=\"\"><\/p>\n<h3>sl-1<\/h3>\n<\/li>\n<li>\n<p>        <img decoding=\"async\" src=\"\/demo\/nandejaranee\/wp-content\/uploads\/2026\/02\/sl-3.jpg\" alt=\"\"><\/p>\n<h3>sl-3<\/h3>\n<\/li>\n<li>\n<p>        <img decoding=\"async\" src=\"\/demo\/nandejaranee\/wp-content\/uploads\/2026\/02\/sl-4.jpg\" alt=\"\"><\/p>\n<h3>sl-4<\/h3>\n<\/li>\n<li>\n<p>        <img decoding=\"async\" src=\"\/demo\/nandejaranee\/wp-content\/uploads\/2026\/02\/sl-5.jpg\" alt=\"\"><\/p>\n<h3>sl-5<\/h3>\n<\/li>\n<li>\n<p>        <img decoding=\"async\" src=\"\/demo\/nandejaranee\/wp-content\/uploads\/2026\/02\/sl-6.jpg\" alt=\"\"><\/p>\n<h3>sl-6<\/h3>\n<\/li>\n<\/ul>\n<div>\n<h3>Nosotros<\/h3>\n<div>\n<p class=\"uk-text-lead\">Somos una Fundaci\u00f3n orientada a difundir la Palabra de Dios a todos los rincones del Paraguay, a trav\u00e9s de los medios de comunicaci\u00f3n.<\/p>\n<ul class=\"uk-list\">\n<li>Cable Tigo Canal 25<\/li>\n<li>Copaco IPTV Canal 472<\/li>\n<li>PowerNet Guajayvi Canal 33<\/li>\n<li>\u00a1S\u00edguenos en todas nuestras redes!<\/li>\n<\/ul>\n<\/div>\n<\/div>\n<div>\n<h3>MIRA NUESTRA SE\u00d1AL EN VIVO<\/h3>\n<p>Hoy, Martes 17 de Marzo, celebrar\u00e9 la Santa EUCARIST\u00cdA en la Capilla Divino Ni\u00f1o Jes\u00fas, Fdo. Mora &#8211; Zona Sur. \u00d1andej\u00e1ra \u00d1e&#8217;e Tv transmite en VIVO desde las 20:00 hs.<\/p>\n<div>\n<p><iframe style=\"border: none; width: 95%; height: 250px;\" src=\"https:\/\/www.desdepylabs.com\/External\/video\/nandejaraneetv\" frameborder=\"0\" scrolling=\"no\" seamless=\"seamless\" allowfullscreen=\"allowfullscreen\"><\/iframe><\/p>\n<\/div>\n<\/div>\n<h3>Programaci\u00f3n<\/h3>\n<h3>Horarios<\/h3>\n<ul>\n<li>\n<h3>Misa Diaria<\/h3>\n<p>06:00 hs \u2013 11:00 hs \u2013 19:00 hs<\/p>\n<\/li>\n<li>\n<h3>\u00d1andej\u00e1ra \u00d1e\u00b4\u0113 Nuevo Testamento<\/h3>\n<p>Lunes a S\u00e1bado \u2013 20:00 hs a 21:00 hs<\/p>\n<\/li>\n<li>\n<h3>J\u00f3venes para los j\u00f3venes en familia<\/h3>\n<p>UNICANAL \u2013 domingos 15:00hs <br \/>Canal 25 \u2013 Domingos \u2013 16:00 \u2013 Martes 09:00 hs<\/p>\n<\/li>\n<li>\n<h3>Rosario Diario<\/h3>\n<p>Lunes a Domingos 00:00 hs \u2013 05:20 hs y 18:25 hs<\/p>\n<\/li>\n<li>\n<h3>Aprendiendo con Jes\u00fas<\/h3>\n<p>Lunes a Domingos \u2013 07:30 hs \u2013  18:00 hs<\/p>\n<\/li>\n<li>\n<h3>\u00d1andej\u00e1ra \u00d1e\u00b4\u0113 Antiguo Testamento<\/h3>\n<p>NPY \u2013 Lunes a Domingos \u2013 00:00 hs a 01:00 hs <br \/> Canal 25 \u2013 22:00 hs<\/p>\n<\/li>\n<li>\n<h3>NPY \u2013 Dominical 06:00 hs<\/h3>\n<p>Repetici\u00f3n \u2013 Domingos 10:00 hs Canal 25<\/p>\n<\/li>\n<li>\n<h3>\u00d1ande Ypykue Pypore<\/h3>\n<p>S\u00e1bados 21:00 hs<\/p>\n<\/li>\n<\/ul>\n<h3><a href=\"https:\/\/pessoft.com.py\/demo\/nandejaranee\/novedades\/\">Novedades<\/a><\/h3>\n<div>\n<\/div>\n<p>\n    <a href=\"\/demo\/nandejaranee\/novedades\/\">Ver M\u00e1s<\/a>\n<\/p>\n<h3>La Palabra del Se\u00f1or<\/h3>\n<div>\n<\/div>\n<p>\n    <a href=\"\/demo\/nandejaranee\/categoria\/palabra-del-senor\/\">Ver M\u00e1s<\/a>\n<\/p>\n<div>\n<h3>\u00bfQuer\u00e9s ser Padrino\/Madrina?<\/h3>\n<div>Del Primer Canal de TV Cat\u00f3lico del Paraguay<\/div>\n<\/div>\n<p>\n    <a href=\"\/demo\/nandejaranee\/donaciones\/\">Donaciones<\/a>\n<\/p>\n<p><!--more--><br \/>\n<!-- {\"type\":\"layout\",\"children\":[{\"type\":\"section\",\"props\":{\"animation\":\"fade\",\"header_transparent\":true,\"header_transparent_noplaceholder\":true,\"image_position\":\"center-center\",\"padding\":\"none\",\"preserve_color\":false,\"style\":\"default\",\"title_breakpoint\":\"xl\",\"title_position\":\"top-left\",\"title_rotation\":\"left\",\"vertical_align\":\"middle\",\"width\":\"\"},\"children\":[{\"type\":\"row\",\"children\":[{\"type\":\"column\",\"props\":{\"image_position\":\"center-center\",\"position_sticky_breakpoint\":\"m\"},\"children\":[{\"type\":\"slideshow\",\"props\":{\"link_style\":\"default\",\"link_text\":\"Read more\",\"margin\":\"default\",\"meta_align\":\"below-title\",\"meta_element\":\"div\",\"meta_style\":\"text-meta\",\"nav\":\"dotnav\",\"nav_align\":\"center\",\"nav_breakpoint\":\"\",\"nav_position\":\"bottom-center\",\"nav_position_margin\":\"medium\",\"overlay_animation\":\"parallax\",\"overlay_position\":\"center-left\",\"show_content\":true,\"show_link\":true,\"show_meta\":true,\"show_thumbnail\":true,\"show_title\":false,\"slidenav\":\"default\",\"slidenav_breakpoint\":\"\",\"slidenav_hover\":true,\"slidenav_large\":false,\"slidenav_margin\":\"medium\",\"slidenav_outside_breakpoint\":\"xl\",\"slideshow_autoplay\":true,\"slideshow_autoplay_pause\":true,\"slideshow_height_offset_top\":true,\"slideshow_min_height\":\"300\",\"slideshow_ratio\":\"16:5\",\"text_color\":\"light\",\"thumbnav_height\":\"75\",\"thumbnav_svg_color\":\"emphasis\",\"thumbnav_width\":\"100\",\"title_element\":\"h3\",\"title_hover_style\":\"reset\"},\"children\":[{\"type\":\"slideshow_item\",\"props\":{\"image\":\"wp-content\\\/uploads\\\/2026\\\/02\\\/sl-1.jpg\",\"media_overlay\":\"rgba(0, 0, 0, 0.5)\",\"title\":\"sl-1\"}},{\"type\":\"slideshow_item\",\"props\":{\"image\":\"wp-content\\\/uploads\\\/2026\\\/02\\\/sl-3.jpg\",\"media_overlay\":\"rgba(0, 0, 0, 0.5)\",\"title\":\"sl-3\"}},{\"type\":\"slideshow_item\",\"props\":{\"image\":\"wp-content\\\/uploads\\\/2026\\\/02\\\/sl-4.jpg\",\"media_overlay\":\"rgba(0, 0, 0, 0.5)\",\"title\":\"sl-4\"}},{\"type\":\"slideshow_item\",\"props\":{\"image\":\"wp-content\\\/uploads\\\/2026\\\/02\\\/sl-5.jpg\",\"media_overlay\":\"rgba(0, 0, 0, 0.5)\",\"title\":\"sl-5\"}},{\"type\":\"slideshow_item\",\"props\":{\"image\":\"wp-content\\\/uploads\\\/2026\\\/02\\\/sl-6.jpg\",\"media_overlay\":\"rgba(0, 0, 0, 0.5)\",\"title\":\"sl-6\"}}]}]}]}],\"name\":\"Slideshow\"},{\"type\":\"section\",\"props\":{\"animation\":\"fade\",\"animation_delay\":\"200\",\"image_position\":\"center-center\",\"style\":\"default\",\"title_breakpoint\":\"xl\",\"title_position\":\"top-left\",\"title_rotation\":\"left\",\"vertical_align\":\"middle\",\"width\":\"default\"},\"children\":[{\"type\":\"row\",\"props\":{\"layout\":\"3-5,2-5\"},\"children\":[{\"type\":\"column\",\"props\":{\"image_position\":\"center-center\",\"position_sticky_breakpoint\":\"m\",\"width_medium\":\"3-5\"},\"children\":[{\"type\":\"panel\",\"props\":{\"content\":\"\n\n<p class=\\\"uk-text-lead\\\">Somos una Fundaci\\u00f3n orientada a difundir la Palabra de Dios a todos los rincones del Paraguay, a trav\\u00e9s de los medios de comunicaci\\u00f3n.<\\\/p>\\n\n\n<ul class=\\\"uk-list\\\">\\n\n\n<li>Cable Tigo Canal 25<\\\/li>\\n\n\n<li>Copaco IPTV Canal 472<\\\/li>\\n\n\n<li>PowerNet Guajayvi Canal 33<\\\/li>\\n\n\n<li>\\u00a1S\\u00edguenos en todas nuestras redes!<\\\/li>\\n<\\\/ul>\",\"content_column_breakpoint\":\"m\",\"icon_width\":80,\"image_align\":\"top\",\"image_grid_breakpoint\":\"m\",\"image_grid_width\":\"1-2\",\"image_svg_color\":\"emphasis\",\"link_style\":\"default\",\"link_text\":\"Read more\",\"margin\":\"default\",\"meta_align\":\"below-title\",\"meta_element\":\"div\",\"meta_style\":\"text-meta\",\"title\":\"Nosotros\",\"title_align\":\"top\",\"title_element\":\"h3\",\"title_grid_breakpoint\":\"m\",\"title_grid_width\":\"1-2\",\"title_hover_style\":\"reset\",\"title_style\":\"h1\"}}]},{\"type\":\"column\",\"props\":{\"image_position\":\"center-center\",\"position_sticky_breakpoint\":\"m\",\"vertical_align\":\"middle\",\"width_medium\":\"2-5\"},\"children\":[{\"type\":\"panel\",\"props\":{\"content\":\"\n\n<p><iframe style=\\\"border: none; width: 95%; height: 250px;\\\" src=\\\"https:\\\/\\\/www.desdepylabs.com\\\/External\\\/video\\\/nandejaraneetv\\\" frameborder=\\\"0\\\" scrolling=\\\"no\\\" seamless=\\\"seamless\\\" allowfullscreen=\\\"allowfullscreen\\\"><\\\/iframe><\\\/p>\",\"content_column_breakpoint\":\"m\",\"icon_width\":80,\"image_align\":\"top\",\"image_grid_breakpoint\":\"m\",\"image_grid_width\":\"1-2\",\"image_svg_color\":\"emphasis\",\"link_style\":\"default\",\"link_text\":\"Read more\",\"margin\":\"default\",\"meta\":\"Hoy, Martes 17 de Marzo, celebrar\\u00e9 la Santa EUCARIST\\u00cdA en la Capilla Divino Ni\\u00f1o Jes\\u00fas, Fdo. Mora - Zona Sur. \\u00d1andej\\u00e1ra \\u00d1e'e Tv transmite en VIVO desde las 20:00 hs.\",\"meta_align\":\"below-title\",\"meta_element\":\"div\",\"meta_style\":\"text-meta\",\"text_align\":\"center\",\"title\":\"MIRA NUESTRA SE\\u00d1AL EN VIVO\",\"title_align\":\"top\",\"title_element\":\"h3\",\"title_grid_breakpoint\":\"m\",\"title_grid_width\":\"1-2\",\"title_hover_style\":\"reset\",\"title_style\":\"h4\"}}]}]}],\"name\":\"Nosotros\"},{\"type\":\"section\",\"props\":{\"animation\":\"fade\",\"animation_delay\":\"200\",\"image\":\"wp-content\\\/uploads\\\/2026\\\/02\\\/nande-jara-nee-programacion-bg.jpg\",\"image_position\":\"center-center\",\"image_size\":\"cover\",\"media_overlay\":\"rgba(0, 0, 0, 0.8)\",\"style\":\"default\",\"text_color\":\"light\",\"title_breakpoint\":\"xl\",\"title_position\":\"top-left\",\"title_rotation\":\"left\",\"vertical_align\":\"middle\",\"width\":\"default\"},\"children\":[{\"type\":\"row\",\"children\":[{\"type\":\"column\",\"props\":{\"image_position\":\"center-center\",\"position_sticky_breakpoint\":\"m\"},\"children\":[{\"type\":\"headline\",\"props\":{\"content\":\"Programaci\\u00f3n\",\"margin\":\"default\",\"margin_remove_bottom\":true,\"text_align\":\"center\",\"title_element\":\"h3\",\"title_style\":\"h1\"}},{\"type\":\"headline\",\"props\":{\"content\":\"Horarios\",\"margin\":\"default\",\"margin_remove_top\":true,\"text_align\":\"center\",\"title_element\":\"h3\",\"title_style\":\"h2\"}}]}]},{\"type\":\"row\",\"children\":[{\"type\":\"column\",\"props\":{\"image_position\":\"center-center\",\"position_sticky_breakpoint\":\"m\"},\"children\":[{\"type\":\"grid\",\"props\":{\"content_column_breakpoint\":\"m\",\"filter_align\":\"left\",\"filter_all\":true,\"filter_grid_breakpoint\":\"m\",\"filter_grid_width\":\"auto\",\"filter_position\":\"top\",\"filter_style\":\"tab\",\"grid_default\":\"1\",\"grid_divider\":true,\"grid_medium\":\"\",\"grid_small\":\"2\",\"icon_color\":\"emphasis\",\"icon_width\":\"36\",\"image_align\":\"left\",\"image_grid_breakpoint\":\"\",\"image_grid_column_gap\":\"medium\",\"image_grid_width\":\"auto\",\"image_svg_color\":\"emphasis\",\"image_vertical_align\":false,\"item_animation\":true,\"link_style\":\"default\",\"link_text\":\"Read more\",\"margin\":\"default\",\"meta_align\":\"below-title\",\"meta_color\":\"emphasis\",\"meta_element\":\"div\",\"meta_margin\":\"remove\",\"meta_style\":\"text-meta\",\"show_content\":true,\"show_image\":true,\"show_link\":true,\"show_meta\":true,\"show_title\":true,\"title_align\":\"top\",\"title_element\":\"h3\",\"title_grid_breakpoint\":\"m\",\"title_grid_width\":\"1-2\",\"title_hover_style\":\"reset\",\"title_style\":\"h5\"},\"children\":[{\"type\":\"grid_item\",\"props\":{\"icon\":\"clock\",\"meta\":\"06:00 hs \\u2013 11:00 hs \\u2013 19:00 hs\",\"title\":\"Misa Diaria\"}},{\"type\":\"grid_item\",\"props\":{\"icon\":\"file-edit\",\"meta\":\"Lunes a S\\u00e1bado \\u2013 20:00 hs a 21:00 hs\",\"title\":\"\\u00d1andej\\u00e1ra \\u00d1e\\u00b4\\u0113 Nuevo Testamento\"}},{\"type\":\"grid_item\",\"props\":{\"icon\":\"users\",\"meta\":\"UNICANAL \\u2013 domingos 15:00hs <br \/>Canal 25 \\u2013 Domingos \\u2013 16:00 \\u2013 Martes 09:00 hs\",\"title\":\"J\\u00f3venes para los j\\u00f3venes en familia\"}},{\"type\":\"grid_item\",\"props\":{\"icon\":\"more-vertical\",\"meta\":\"Lunes a Domingos 00:00 hs \\u2013 05:20 hs y 18:25 hs\",\"title\":\"Rosario Diario\"}},{\"type\":\"grid_item\",\"props\":{\"icon\":\"heart\",\"meta\":\"Lunes a Domingos \\u2013 07:30 hs \\u2013  18:00 hs\",\"title\":\"Aprendiendo con Jes\\u00fas\"}},{\"type\":\"grid_item\",\"props\":{\"icon\":\"file-text\",\"meta\":\"NPY \\u2013 Lunes a Domingos \\u2013 00:00 hs a 01:00 hs <br \/> Canal 25 \\u2013 22:00 hs\",\"title\":\"\\u00d1andej\\u00e1ra \\u00d1e\\u00b4\\u0113 Antiguo Testamento\"}},{\"type\":\"grid_item\",\"props\":{\"icon\":\"video-camera\",\"meta\":\"Repetici\\u00f3n \\u2013 Domingos 10:00 hs Canal 25\",\"title\":\"NPY \\u2013 Dominical 06:00 hs\"}},{\"type\":\"grid_item\",\"props\":{\"icon\":\"play-circle\",\"meta\":\"S\\u00e1bados 21:00 hs\",\"title\":\"\\u00d1ande Ypykue Pypore\"}}]}]}]}],\"name\":\"Programaci\\u00f3n\"},{\"type\":\"section\",\"props\":{\"animation\":\"fade\",\"animation_delay\":\"200\",\"image_position\":\"center-center\",\"style\":\"muted\",\"title_breakpoint\":\"xl\",\"title_position\":\"top-left\",\"title_rotation\":\"left\",\"vertical_align\":\"middle\",\"width\":\"default\"},\"children\":[{\"type\":\"row\",\"children\":[{\"type\":\"column\",\"props\":{\"image_position\":\"center-center\",\"position_sticky_breakpoint\":\"m\"},\"children\":[{\"type\":\"headline\",\"props\":{\"content\":\"Novedades\",\"link\":\"https:\\\/\\\/pessoft.com.py\\\/demo\\\/nandejaranee\\\/novedades\\\/\",\"link_target\":false,\"margin\":\"default\",\"margin_remove_bottom\":true,\"text_align\":\"center\",\"title_element\":\"h3\",\"title_style\":\"h1\"}}]}]},{\"type\":\"row\",\"children\":[{\"type\":\"column\",\"props\":{\"image_position\":\"center-center\",\"position_sticky_breakpoint\":\"m\"},\"children\":[{\"type\":\"grid\",\"props\":{\"content_column_breakpoint\":\"m\",\"content_margin\":\"small\",\"filter_align\":\"left\",\"filter_all\":true,\"filter_grid_breakpoint\":\"m\",\"filter_grid_width\":\"auto\",\"filter_position\":\"top\",\"filter_style\":\"tab\",\"grid_column_gap\":\"medium\",\"grid_default\":\"1\",\"grid_medium\":\"3\",\"grid_row_gap\":\"medium\",\"grid_small\":\"2\",\"icon_width\":80,\"image_align\":\"top\",\"image_grid_breakpoint\":\"m\",\"image_grid_width\":\"1-2\",\"image_svg_color\":\"emphasis\",\"image_transition\":\"scale-up\",\"item_animation\":true,\"link_style\":\"default\",\"link_text\":\"\",\"margin\":\"default\",\"meta_align\":\"below-title\",\"meta_element\":\"div\",\"meta_margin\":\"remove\",\"meta_style\":\"text-meta\",\"panel_image_no_padding\":true,\"panel_link\":true,\"panel_padding\":\"default\",\"panel_style\":\"card-default\",\"show_content\":true,\"show_image\":true,\"show_link\":true,\"show_meta\":true,\"show_title\":true,\"title_align\":\"top\",\"title_element\":\"h3\",\"title_grid_breakpoint\":\"m\",\"title_grid_width\":\"1-2\",\"title_hover_style\":\"heading\",\"title_style\":\"h3\"},\"children\":[{\"type\":\"grid_item\",\"source\":{\"query\":{\"name\":\"posts.customPosts\",\"arguments\":{\"terms\":[3],\"category_operator\":\"IN\",\"post_tag_operator\":\"IN\",\"users\":[],\"users_operator\":\"IN\",\"offset\":0,\"limit\":3,\"order\":\"date\",\"order_direction\":\"DESC\"}},\"props\":{\"title\":{\"filters\":{\"search\":\"\"},\"name\":\"title\"},\"meta\":{\"filters\":{\"search\":\"\",\"date\":\"\"},\"name\":\"date\"},\"content\":{\"filters\":{\"search\":\"\",\"limit\":140},\"arguments\":{\"show_intro_text\":true},\"name\":\"content\"},\"image\":{\"filters\":{\"search\":\"\"},\"name\":\"featuredImage.url\"},\"link\":{\"filters\":{\"search\":\"\"},\"name\":\"link\"}}}}]},{\"type\":\"button\",\"props\":{\"button_size\":\"large\",\"grid_column_gap\":\"small\",\"grid_row_gap\":\"small\",\"margin\":\"medium\",\"text_align\":\"center\"},\"children\":[{\"type\":\"button_item\",\"props\":{\"button_style\":\"primary\",\"content\":\"Ver M\\u00e1s\",\"icon\":\"plus-circle\",\"icon_align\":\"left\",\"link\":\"novedades\\\/\"}}]}]}]}],\"name\":\"Novedades\"},{\"type\":\"section\",\"props\":{\"animation\":\"fade\",\"animation_delay\":\"200\",\"image_position\":\"center-center\",\"style\":\"default\",\"title_breakpoint\":\"xl\",\"title_position\":\"top-left\",\"title_rotation\":\"left\",\"vertical_align\":\"middle\",\"width\":\"default\"},\"children\":[{\"type\":\"row\",\"children\":[{\"type\":\"column\",\"props\":{\"image_position\":\"center-center\",\"position_sticky_breakpoint\":\"m\"},\"children\":[{\"type\":\"headline\",\"props\":{\"content\":\"La Palabra del Se\\u00f1or\",\"margin\":\"default\",\"margin_remove_bottom\":true,\"text_align\":\"center\",\"title_element\":\"h3\",\"title_style\":\"h1\"}}]}]},{\"type\":\"row\",\"children\":[{\"type\":\"column\",\"props\":{\"image_position\":\"center-center\",\"position_sticky_breakpoint\":\"m\"},\"children\":[{\"type\":\"grid\",\"props\":{\"content_column_breakpoint\":\"m\",\"content_margin\":\"small\",\"filter_align\":\"left\",\"filter_all\":true,\"filter_grid_breakpoint\":\"m\",\"filter_grid_width\":\"auto\",\"filter_position\":\"top\",\"filter_style\":\"tab\",\"grid_column_gap\":\"medium\",\"grid_default\":\"1\",\"grid_medium\":\"3\",\"grid_row_gap\":\"medium\",\"grid_small\":\"2\",\"icon_width\":80,\"image_align\":\"top\",\"image_grid_breakpoint\":\"m\",\"image_grid_width\":\"1-2\",\"image_svg_color\":\"emphasis\",\"image_transition\":\"scale-up\",\"item_animation\":true,\"link_style\":\"default\",\"link_text\":\"\",\"margin\":\"default\",\"meta_align\":\"below-title\",\"meta_element\":\"div\",\"meta_margin\":\"remove\",\"meta_style\":\"text-meta\",\"panel_image_no_padding\":true,\"panel_link\":true,\"panel_padding\":\"default\",\"panel_style\":\"tile-muted\",\"show_content\":true,\"show_image\":true,\"show_link\":true,\"show_meta\":true,\"show_title\":true,\"title_align\":\"top\",\"title_element\":\"h3\",\"title_grid_breakpoint\":\"m\",\"title_grid_width\":\"1-2\",\"title_hover_style\":\"heading\",\"title_style\":\"h3\"},\"children\":[{\"type\":\"grid_item\",\"source\":{\"query\":{\"name\":\"posts.customPosts\",\"arguments\":{\"terms\":[4],\"category_operator\":\"IN\",\"post_tag_operator\":\"IN\",\"users\":[],\"users_operator\":\"IN\",\"offset\":0,\"limit\":3,\"order\":\"date\",\"order_direction\":\"DESC\"}},\"props\":{\"title\":{\"filters\":{\"search\":\"\"},\"name\":\"title\"},\"meta\":{\"filters\":{\"search\":\"\",\"date\":\"\"},\"name\":\"date\"},\"content\":{\"filters\":{\"search\":\"\",\"limit\":140},\"arguments\":{\"show_intro_text\":true},\"name\":\"content\"},\"image\":{\"filters\":{\"search\":\"\"},\"name\":\"featuredImage.url\"},\"link\":{\"filters\":{\"search\":\"\"},\"name\":\"link\"}}}}]},{\"type\":\"button\",\"props\":{\"button_size\":\"large\",\"grid_column_gap\":\"small\",\"grid_row_gap\":\"small\",\"margin\":\"medium\",\"text_align\":\"center\"},\"children\":[{\"type\":\"button_item\",\"props\":{\"button_style\":\"primary\",\"content\":\"Ver M\\u00e1s\",\"icon\":\"plus-circle\",\"icon_align\":\"left\",\"link\":\"categoria\\\/palabra-del-senor\\\/\"}}]}]}]}],\"name\":\"Palabra\"},{\"type\":\"section\",\"props\":{\"animation\":\"fade\",\"animation_delay\":\"200\",\"css\":\".el-section {\\n  background: #F1AC13\\n}\",\"image_position\":\"center-center\",\"style\":\"muted\",\"title_breakpoint\":\"xl\",\"title_position\":\"top-left\",\"title_rotation\":\"left\",\"vertical_align\":\"middle\",\"width\":\"small\"},\"children\":[{\"type\":\"row\",\"props\":{\"layout\":\"2-3,1-3\",\"width\":\"xsmall\"},\"children\":[{\"type\":\"column\",\"props\":{\"image_position\":\"center-center\",\"position_sticky_breakpoint\":\"m\",\"vertical_align\":\"middle\",\"width_medium\":\"2-3\"},\"children\":[{\"type\":\"panel\",\"props\":{\"content\":\"Del Primer Canal de TV Cat\\u00f3lico del Paraguay\",\"content_column_breakpoint\":\"m\",\"content_margin\":\"remove\",\"content_style\":\"text-lead\",\"icon_width\":80,\"image_align\":\"top\",\"image_grid_breakpoint\":\"m\",\"image_grid_width\":\"1-2\",\"image_svg_color\":\"emphasis\",\"link_style\":\"default\",\"link_text\":\"Read more\",\"margin\":\"default\",\"meta\":\"\",\"meta_align\":\"below-title\",\"meta_element\":\"div\",\"meta_style\":\"text-meta\",\"text_align\":\"center\",\"title\":\"\\u00bfQuer\\u00e9s ser Padrino\\\/Madrina?\",\"title_align\":\"top\",\"title_element\":\"h3\",\"title_grid_breakpoint\":\"m\",\"title_grid_width\":\"1-2\",\"title_hover_style\":\"reset\",\"title_style\":\"h1\"}}]},{\"type\":\"column\",\"props\":{\"image_position\":\"center-center\",\"position_sticky_breakpoint\":\"m\",\"vertical_align\":\"middle\",\"width_medium\":\"1-3\"},\"children\":[{\"type\":\"button\",\"props\":{\"button_size\":\"large\",\"grid_column_gap\":\"small\",\"grid_row_gap\":\"small\",\"margin\":\"default\",\"text_align\":\"center\"},\"children\":[{\"type\":\"button_item\",\"props\":{\"button_style\":\"secondary\",\"content\":\"Donaciones\",\"icon\":\"heart\",\"icon_align\":\"left\",\"link\":\"donaciones\\\/\"}}]}]}]}],\"name\":\"Donaciones\"}],\"version\":\"4.3.5\"} --><\/p>\n","protected":false},"excerpt":{"rendered":"<p>sl-1 sl-3 sl-4 sl-5 sl-6 Nosotros Somos una Fundaci\u00f3n orientada a difundir la Palabra de Dios a todos los rincones del Paraguay, a trav\u00e9s de los medios de comunicaci\u00f3n. Cable Tigo Canal 25 Copaco IPTV Canal 472 PowerNet Guajayvi Canal 33 \u00a1S\u00edguenos en todas nuestras redes! MIRA NUESTRA SE\u00d1AL EN VIVO Hoy, Martes 17 de [&hellip;]<\/p>\n","protected":false},"author":1,"featured_media":0,"parent":0,"menu_order":0,"comment_status":"closed","ping_status":"closed","template":"","meta":{"footnotes":""},"class_list":["post-9","page","type-page","status-publish","hentry"],"_links":{"self":[{"href":"https:\/\/pessoft.com.py\/demo\/nandejaranee\/wp-json\/wp\/v2\/pages\/9","targetHints":{"allow":["GET"]}}],"collection":[{"href":"https:\/\/pessoft.com.py\/demo\/nandejaranee\/wp-json\/wp\/v2\/pages"}],"about":[{"href":"https:\/\/pessoft.com.py\/demo\/nandejaranee\/wp-json\/wp\/v2\/types\/page"}],"author":[{"embeddable":true,"href":"https:\/\/pessoft.com.py\/demo\/nandejaranee\/wp-json\/wp\/v2\/users\/1"}],"replies":[{"embeddable":true,"href":"https:\/\/pessoft.com.py\/demo\/nandejaranee\/wp-json\/wp\/v2\/comments?post=9"}],"version-history":[{"count":79,"href":"https:\/\/pessoft.com.py\/demo\/nandejaranee\/wp-json\/wp\/v2\/pages\/9\/revisions"}],"predecessor-version":[{"id":327,"href":"https:\/\/pessoft.com.py\/demo\/nandejaranee\/wp-json\/wp\/v2\/pages\/9\/revisions\/327"}],"wp:attachment":[{"href":"https:\/\/pessoft.com.py\/demo\/nandejaranee\/wp-json\/wp\/v2\/media?parent=9"}],"curies":[{"name":"wp","href":"https:\/\/api.w.org\/{rel}","templated":true}]}}